{"id":91,"date":"2012-09-26T08:20:19","date_gmt":"2012-09-26T08:20:19","guid":{"rendered":"http:\/\/heimatfreunde-daxstein.de\/wordpress_heimatfreunde\/?page_id=91"},"modified":"2020-10-04T16:30:24","modified_gmt":"2020-10-04T16:30:24","slug":"veranstaltungen","status":"publish","type":"page","link":"http:\/\/www.heimatfreunde-daxstein.de\/wordpress_heimatfreunde\/veranstaltungen\/","title":{"rendered":"Vereinsjahr"},"content":{"rendered":"<h1>Eierbecken<\/h1>\n<p><i>Wei\u00dfer Sonntag<\/i><br \/>\nDieser Brauch am &#8222;Kleinen Ostertag&#8220; (wei\u00dfer Sonntag) hat in Daxstein lange Tradition.<br \/>\nDa traf man fr\u00fcher nur selten einen Daxsteiner, der an diesem Tag nicht ein rotes Ei in der Tasche hatte und zum Becken bereit war. Das gebrochene Ei geh\u00f6rte jeweils dem Sieger. Heute treffen sich im Vereinslokal bei weitem nicht nur die Vereinsmitglieder, sondern auch die G\u00e4ste aus der ganzen Umgebung. Die Eier k\u00f6nnen k\u00e4uflich erworben werden.<br \/>\nDie Kinder halten sich im Lokal beim Eierscheiben auf und sind dort gut aufgehoben.<\/p>\n<h1>Maibaumaufstellen<\/h1>\n<p><i>1.Mai<\/i><br \/>\nDer &#8222;Tag der Arbeit&#8220; wird beim Maibauaufstellen am 1. Mai jeden Jahres seinem Namen gerecht.<br \/>\nIn unmittelbarer N\u00e4he des Vereinslokals wird ein Baum, zwischen 30 und 35m hoch, geschm\u00fcckt mit Kr\u00e4nzen, Girlanden und F\u00e4hnchen, &gt;von den M\u00e4nnern des Vereins aufgestellt.<br \/>\nDas Kr\u00e4nze und Girlandenbinden \u00fcbernehmen Tage vorher die Frauen des Vereins. Dabei hat es sich in den letzten Jahren so eingeb\u00fcrgert, dass jeder vorbeifahrende Verkehrsteilnehmer, ob Bekannter, Fremder, Arbeiter oder Gerichtsvollzieher, angehalten und \u00fcber den Vollzug des Brauchtums unterrichtet wird. Daf\u00fcr wird ihm dann vom &#8218;Kettal&#8216; eine &#8222;freiwillige&#8220; Spende abgekn\u00fcpft, die sofort in Hochprozentiges umgesetzt wird. Ein Wunder, dass die Kr\u00e4nze doch so gleichm\u00e4\u00dfig werden.<br \/>\nAber gelernt, ist gelernt!<\/p>\n<h1>Wasserv\u00f6gelsingen<\/h1>\n<p><i>Pfingstsonntag<\/i><br \/>\nEier stehen in engen Zusammenhang mit Ostern. Das wei\u00df jeder. Aber was haben sie mit Pfingsten zu tun?<br \/>\nBetrachten wir den n\u00e4chten Brauch im Jahreslauf, der regelm\u00e4\u00dfig vom Pfingstsonntag auf Pfingstmontag stattfindet.<br \/>\nEine Gruppe junger Vereinsmitglieder zieht in ziemlich regendichter Kleidung in der heiligen Pfingstnacht von Haus zu Haus. Hierbei wir ein Lied mit vielen Strophen gesungen. Je nach Lust und Laune der Hausbewohner werden die Wassev\u00f6gel dabei mehr oder wenigermit Wasser abgesch\u00fcttet.<br \/>\nAnschlie\u00dfend erhalten sie ihre Gaben, die der &#8222;Oiakoda&#8220;, der Eierkater in Empfang nimmt. Waren dies vor Jahren noch \u00fcberwiegend Eier, so ist es heute haupts\u00e4chlich Geld.<\/p>\n<h1>Sonnwendfeuer<\/h1>\n<p><i>Johannisnacht<\/i><br \/>\nEin Brauch, der in den letzten Jahren wieder ein den Vordergrund getreten ist.<br \/>\nHierbei wird die Sonnwende, als der Beginn des Sommers gefeiert. Meist findet dieses Fest in der Nacht vom 23. zum 24 Juni, in der sogenannten Johannisnacht, statt. Die meist auf Landerh\u00f6hungen angez\u00fcndeten Feuer werden Johannisfeuer oder Sonnwendfeuer genannt.<br \/>\nIn Daxstein findet dieser Brauch am &#8218;Platzl&#8216; statt. Dort treffen sich nicht nur die Heimatfreunde, sondern auch die Anwohner von Daxstein, zum gem\u00fctlichen Beisammensein. In den letzten Jahren wird auch mit Getr\u00e4nken und Essen f\u00fcr das leibliche Wohl gesorgt. [\/large_toggle]<\/p>\n<h1>Nikolaus<\/h1>\n<p><i>6.Dezember<\/i><br \/>\nJedes Jahr werden die Kinder aus Daxstein, nach vorheriger Absprache mit den Eltern, vom Verein beschenkt.<br \/>\nDie Schand und Wohltaten werden gegeneinander aufgerechnet. Auf seinen Rundgang von Haus zu Haus, wird der Nikolaus von seinem Knecht, dem &#8218;Krampus&#8216; begleitet. Und vor dem f\u00fcrchten sich nicht nur die Kinder.<br \/>\nFr\u00fcher wurde ein Nikolausspiel im Vereinslokal aufgef\u00fchrt. Meistens war es das St\u00fcck von Max Peinkofer &#8222;Klaubauf und Nikolaus&#8220; das in Daxstein lange Tradition hatte.<br \/>\nIn Anschluss daran, wusst der Nikolaus \u00fcber jedes anwesende Kind etwas zu berichten und jedes wurde auf Kosten des Vereins beschenkt.<\/p>\n<h1>Christbaumversteigerung<\/h1>\n<p><i>Samstag vor Hl. Abend<\/i><br \/>\nDie Christbaumversteigerung ist ein Brauch, der lange Tradition in Daxstein hat.<br \/>\nZu einer Zeit, als die Bewohner von Daxstein mangels Gelegenheit selten aus dem Dorf herauskamen, organisierte der ehemalige Leiter der Volksschule, Lehrer Josef H\u00e4mel, schon Christbaumversteigerungen. Mit der Erl\u00f6s f\u00fchrte er j\u00e4hrlich eine Busfahrt mit der Bev\u00f6lkerung durch, wobei er seine \u00fcberaus reichen Kenntnisse unmittelbar zur Volksbildung einsetzte.<br \/>\nDa die Aus\u00fcbung vieler Br\u00e4uche nur Geld kostet und nichts oder nur sehr wenig einbringt, ist der Verein auf die Christbaumversteigerung nach wie vor angewiesen.<\/p>\n","protected":false},"excerpt":{"rendered":"<p>Eierbecken Wei\u00dfer Sonntag Dieser Brauch am &#8222;Kleinen Ostertag&#8220; (wei\u00dfer Sonntag) hat in Daxstein lange Tradition. Da traf man fr\u00fcher nur&hellip;<\/p>\n","protected":false},"author":1,"featured_media":0,"parent":0,"menu_order":0,"comment_status":"closed","ping_status":"closed","template":"","meta":[],"_links":{"self":[{"href":"http:\/\/www.heimatfreunde-daxstein.de\/wordpress_heimatfreunde\/wp-json\/wp\/v2\/pages\/91"}],"collection":[{"href":"http:\/\/www.heimatfreunde-daxstein.de\/wordpress_heimatfreunde\/wp-json\/wp\/v2\/pages"}],"about":[{"href":"http:\/\/www.heimatfreunde-daxstein.de\/wordpress_heimatfreunde\/wp-json\/wp\/v2\/types\/page"}],"author":[{"embeddable":true,"href":"http:\/\/www.heimatfreunde-daxstein.de\/wordpress_heimatfreunde\/wp-json\/wp\/v2\/users\/1"}],"replies":[{"embeddable":true,"href":"http:\/\/www.heimatfreunde-daxstein.de\/wordpress_heimatfreunde\/wp-json\/wp\/v2\/comments?post=91"}],"version-history":[{"count":12,"href":"http:\/\/www.heimatfreunde-daxstein.de\/wordpress_heimatfreunde\/wp-json\/wp\/v2\/pages\/91\/revisions"}],"predecessor-version":[{"id":736,"href":"http:\/\/www.heimatfreunde-daxstein.de\/wordpress_heimatfreunde\/wp-json\/wp\/v2\/pages\/91\/revisions\/736"}],"wp:attachment":[{"href":"http:\/\/www.heimatfreunde-daxstein.de\/wordpress_heimatfreunde\/wp-json\/wp\/v2\/media?parent=91"}],"curies":[{"name":"wp","href":"https:\/\/api.w.org\/{rel}","templated":true}]}}