{"id":77,"date":"2012-09-26T07:51:10","date_gmt":"2012-09-26T07:51:10","guid":{"rendered":"http:\/\/heimatfreunde-daxstein.de\/wordpress_heimatfreunde\/?page_id=77"},"modified":"2020-10-04T15:57:27","modified_gmt":"2020-10-04T15:57:27","slug":"vereinsgeschichte","status":"publish","type":"page","link":"http:\/\/www.heimatfreunde-daxstein.de\/wordpress_heimatfreunde\/beispiel-seite\/vereinsgeschichte\/","title":{"rendered":"Vereinsgeschichte"},"content":{"rendered":"<blockquote><p>Von den UNVERBESSERLICHEN zu den HEIMATFREUNDEN<\/p><\/blockquote>\n<p>Der Berggasthof Daxstein, gelegen an der Forststra\u00dfe durch Daxstein nach Simmetsreit, entstand 1884 als Forstliche Waldraststation. Bei der sprichw\u00f6rtlichen Geselligkeit der alten Daxsteiner, die fr\u00fcheren Aufzeichnungen nach keine Gelegenheit zum Feiern auslie\u00dfen, war er bald ein Treffpunkt von Jung und Alt. Die Lage an der Durchgangsstra\u00dfe verleitete auch viele Ausw\u00e4rtige zur Einkehr Viele verschiedene P\u00e4chter k\u00fcmmerten sich im Laufe der zeit um das Wohl der G\u00e4ste.<\/p>\n<p>Im Fr\u00fchjahr 1970 bewirtschafteten Walter und Inge Mauermann das &#8222;alte Wirtshaus&#8220;. Diskotheken waren noch nicht &#8222;in&#8220; und so trag sich die Jungend rund um den Brotjacklriegel regelm\u00e4\u00dfig beim &#8222;Mauermann&#8220;. Alle steckten mehr oder weniger voll Tatendrang und so war bald die Idee, einen Verein zu gr\u00fcnden, geboren.<br \/>\nAm 1. M\u00e4rz 1970 ab 17:00 Uhr lief die Gr\u00fcndungsversammlung.<br \/>\nIhren Vereinsbeitritt zu diesem Zeitpunkt bekundeten folge Mitglieder:<br \/>\nBerndl Josef, Feuchtmeier Manfred, Herx Xaver, Himpsl Erwin, Liebl Max, Marx Erwin Junior, Sch\u00f6nberger Rosmarie, R\u00f6mer Karl, Weber Heinrich, Krallinger Otto, Stangl Resi, Ehrnb\u00f6ck Bruno, Feuchtmeier Lothar, Himpsl Josef, Himpsl Annemarie, Mondl Gerald, Penn Max, Reiner Alois, Stangl Josef, Wagner Alfons und Moser Josef.<\/p>\n<p>Als Aufnahmebeitrag mussten 5 DM entrichtet werden. Pro Monat wurde von jedem Mitglied ein Beitrag von 1 DM eingezogen.<br \/>\nDer neu gegr\u00fcndete Verein gab sich den Namen &#8222;Club der Unverbesserlichen&#8220;<br \/>\nEin Verein brauch auch einen Vorstand. Und Hand aufs Herz, wer h\u00e4tte sich besser geignet als der Xaverl?<br \/>\nMit gro\u00dfer Freude und Feuereifer ging man daran, das Vereinsleben zu gestalten:<\/p>\n<p>Schon im April wurde eine &#8222;Eierpecken mit Musik&#8220; angerichtet. Mit dem ersten schwer verdienten Geld veranstaltete man den ersten Vereinsausflug. Fehlte nicht der gute Wille, so das etwas die Erfahrung: Die Gesellschaft starete nach Berchtesgaden, ohne Zimmer vorbestellt zu haben. Die \u00dcbernachtung im &#8222;Hotel&#8220; Reisebus Martin Peffer tat der guten Stimmung dennoch keinen Abbruch. Eine Christbaumversteigerung und ein Faschingsball rundeten das Programm des 1. Vereinsjahres ab.<br \/>\nEine kleine Sternstunde erlebte der Verin mit der \u00dcbernahme des Berggasthofes durch Magdalena Kappler.<br \/>\nLeni, wie sie jeder nannte, erwies sich in den folgenden Jahren als Ideenproduzentin, Motor und Nothelferin in allen Lagen des Vereins. Die Aktivit\u00e4ten nahmen zu.<br \/>\nBei den regelm\u00e4\u00dfigen Zusammenk\u00fcnften stelle man ein buntes Jahresprogramm zusammen. Der 2. Ausflug stand unter dem Motto: &#8222;Vom Daxstein zum Dachstein&#8220;.<br \/>\nOb man einen Maibaum aufstellte, zu Pfingsten Wasserv\u00f6gelsingen ging, Nikolaus- oder Weihnachtsfeiern abhielt, eine Christbaumversteigerung oder einen Faschingsball ausrichtete, alle freuten sich am gemeinsamen Werk und in Daxstein r\u00fchrte sich wieder etwas. Und der Verein strebte weitere einen weiteren H\u00f6hepunkt an: Die Faschingshochzeit<\/p>\n<p>Der Herbst 1974 brachte wieder einen Einschnitt in der Vereinsgeschichte. Aus den Akten des Schriftf\u00fchrers:<br \/>\nAu\u00dferordentliche Versammlung<br \/>\nZu er am 3.11.73 im Cafe Wimmer, \u00d6lberg, stattgefundenen Versammlung des clubs der Unverbesserlichenwurden alle Mitglieder durch Mitteilungskarten geladen. Grund der Versammlung war der Wechsel des Clubs in ein anderes Stammlokal, da der Berggasthof Daxstein geschlossen wurde.<br \/>\nNach der Begr\u00fc\u00dfung un dem Dank an unser Mitglied und P\u00e4chterin des Stammlokals Kappler Magdalena durch Vorstand Herz erkl\u00e4rte er den Sinn und Zweck der Versammlung. Im Anschluss wurde geheim auf vorbereiteten Stimmzetteln abgestimmt. Nach der Ausz\u00e4hlung durch die vorstandschaft gab der Vorstand das Ergebnis bekannt, das mit Beifall angenommen wurde.<br \/>\nDas Ergebnis der Abstimmung sah folgenderma\u00dfen aus:<\/p>\n<p>12 Stimmen Berghotel Jobst Daxstein 8 Stimmen Gasthaus Heininger 1 Stimme Gasthaus Endl 2 Stimmen ung\u00fcltig<\/p>\n<p>Anschlie\u00dfend fuhr man gemeinsam zum Berghotel Jobst Brotjacklriegel, wo Frau Kappler der Besitzerin des neuen stammlokals Frau Jobst den Wimpl des Clubs \u00fcbereichte. Der Wimpel wurde sofort \u00fcber dem neuen Stammtisch aufgeh\u00e4ngt, und man feierte mit Freibier der Brauerei Kamm noch lange den Einstand ins neue Clublokal.<\/p>\n<p>Von den &#8222;Unverbesserlichen&#8220; zu den &#8222;Heimatfreunden&#8220; lautete die Schlagzeile. Angesprochen ist damit der Wandel des Vereins vom &#8222;Club der Unverbesserlichen&#8220; zu den &#8222;Heimatfreunden Daxstein&#8220;, von einer Stimmtischgesellschaft zu einem modernen Verein mit schon fast professionellem Management. Nur die Zweckbestimmung ist nach wie vor die gleiche:<\/p>\n<blockquote><p>Erhaltung und Pflege von heimatlichen Traditionen und Br\u00e4uchen<\/p><\/blockquote>\n<p>Seit einigen Jahren machte es sich der Verein auch zur Aufgabe, sportliche Akktivit\u00e4ten seiner Mitglieder zu unterst\u00fctzen. Insbesondere sie hier die Fu\u00dfballmannschaft erw\u00e4hnt, die von Zeit zu Zeit gegen andere Stammtischmannschaften antritt und die Vereinsfarben wacker zu vertreten versuchte.<br \/>\nNicht zu vergessen ist auch die Gruppe der Keglerinnen, die ihre regelm\u00e4\u00dfigen Kegelabende durchf\u00fchrt.<\/p>\n<p><strong>Text aus Heimatfreunde Festschrift 1990<\/strong><\/p>\n","protected":false},"excerpt":{"rendered":"<p>Von den UNVERBESSERLICHEN zu den HEIMATFREUNDEN Der Berggasthof Daxstein, gelegen an der Forststra\u00dfe durch Daxstein nach Simmetsreit, entstand 1884 als&hellip;<\/p>\n","protected":false},"author":1,"featured_media":0,"parent":2,"menu_order":0,"comment_status":"closed","ping_status":"closed","template":"","meta":[],"_links":{"self":[{"href":"http:\/\/www.heimatfreunde-daxstein.de\/wordpress_heimatfreunde\/wp-json\/wp\/v2\/pages\/77"}],"collection":[{"href":"http:\/\/www.heimatfreunde-daxstein.de\/wordpress_heimatfreunde\/wp-json\/wp\/v2\/pages"}],"about":[{"href":"http:\/\/www.heimatfreunde-daxstein.de\/wordpress_heimatfreunde\/wp-json\/wp\/v2\/types\/page"}],"author":[{"embeddable":true,"href":"http:\/\/www.heimatfreunde-daxstein.de\/wordpress_heimatfreunde\/wp-json\/wp\/v2\/users\/1"}],"replies":[{"embeddable":true,"href":"http:\/\/www.heimatfreunde-daxstein.de\/wordpress_heimatfreunde\/wp-json\/wp\/v2\/comments?post=77"}],"version-history":[{"count":7,"href":"http:\/\/www.heimatfreunde-daxstein.de\/wordpress_heimatfreunde\/wp-json\/wp\/v2\/pages\/77\/revisions"}],"predecessor-version":[{"id":714,"href":"http:\/\/www.heimatfreunde-daxstein.de\/wordpress_heimatfreunde\/wp-json\/wp\/v2\/pages\/77\/revisions\/714"}],"up":[{"embeddable":true,"href":"http:\/\/www.heimatfreunde-daxstein.de\/wordpress_heimatfreunde\/wp-json\/wp\/v2\/pages\/2"}],"wp:attachment":[{"href":"http:\/\/www.heimatfreunde-daxstein.de\/wordpress_heimatfreunde\/wp-json\/wp\/v2\/media?parent=77"}],"curies":[{"name":"wp","href":"https:\/\/api.w.org\/{rel}","templated":true}]}}