{"id":702,"date":"2020-10-03T15:47:43","date_gmt":"2020-10-03T15:47:43","guid":{"rendered":"http:\/\/www.heimatfreunde-daxstein.de\/wordpress_heimatfreunde\/?page_id=702"},"modified":"2020-10-04T16:27:43","modified_gmt":"2020-10-04T16:27:43","slug":"home","status":"publish","type":"page","link":"http:\/\/www.heimatfreunde-daxstein.de\/wordpress_heimatfreunde\/","title":{"rendered":"Home"},"content":{"rendered":"<p><center><\/p>\n<h1>Herzlich Willkommen!<\/h1>\n<p>Seit \u00fcber 50 Jahren k\u00fcmmern sich die Heimatfreunde Daxstein um Br\u00e4uche und Traditionen rund um das Bergdorf Daxstein. Mit viel Liebe und Engagement gibt es das ganze Jahr \u00fcber kleine und gro\u00dfe Veranstaltungen die das Dorfleben bereichern.<br \/>\nDas Ganze immer unter dem Motto<\/p>\n<blockquote><p>Brauchtum pflegen \u2013 Freunde bleiben<\/p><\/blockquote>\n<p><a href=\"http:\/\/heimatfreunde-daxstein.de\/wordpress_heimatfreunde\/wp-content\/uploads\/2020\/10\/home.png\"><img loading=\"lazy\" src=\"http:\/\/heimatfreunde-daxstein.de\/wordpress_heimatfreunde\/wp-content\/uploads\/2020\/10\/home-1024x874.png\" alt=\"\" width=\"688\" height=\"587\" class=\"alignnone size-large wp-image-729\" srcset=\"http:\/\/heimatfreunde-daxstein.de\/wordpress_heimatfreunde\/wp-content\/uploads\/2020\/10\/home-1024x874.png 1024w, http:\/\/heimatfreunde-daxstein.de\/wordpress_heimatfreunde\/wp-content\/uploads\/2020\/10\/home-300x256.png 300w, http:\/\/heimatfreunde-daxstein.de\/wordpress_heimatfreunde\/wp-content\/uploads\/2020\/10\/home-768x656.png 768w, http:\/\/heimatfreunde-daxstein.de\/wordpress_heimatfreunde\/wp-content\/uploads\/2020\/10\/home.png 1123w\" sizes=\"(max-width: 688px) 100vw, 688px\" \/><\/a><\/p>\n<p><\/center><\/p>\n","protected":false},"excerpt":{"rendered":"<p>Herzlich Willkommen! Seit \u00fcber 50 Jahren k\u00fcmmern sich die Heimatfreunde Daxstein um Br\u00e4uche und Traditionen rund um das Bergdorf Daxstein.&hellip;<\/p>\n","protected":false},"author":2,"featured_media":0,"parent":0,"menu_order":0,"comment_status":"closed","ping_status":"closed","template":"","meta":[],"_links":{"self":[{"href":"http:\/\/www.heimatfreunde-daxstein.de\/wordpress_heimatfreunde\/wp-json\/wp\/v2\/pages\/702"}],"collection":[{"href":"http:\/\/www.heimatfreunde-daxstein.de\/wordpress_heimatfreunde\/wp-json\/wp\/v2\/pages"}],"about":[{"href":"http:\/\/www.heimatfreunde-daxstein.de\/wordpress_heimatfreunde\/wp-json\/wp\/v2\/types\/page"}],"author":[{"embeddable":true,"href":"http:\/\/www.heimatfreunde-daxstein.de\/wordpress_heimatfreunde\/wp-json\/wp\/v2\/users\/2"}],"replies":[{"embeddable":true,"href":"http:\/\/www.heimatfreunde-daxstein.de\/wordpress_heimatfreunde\/wp-json\/wp\/v2\/comments?post=702"}],"version-history":[{"count":9,"href":"http:\/\/www.heimatfreunde-daxstein.de\/wordpress_heimatfreunde\/wp-json\/wp\/v2\/pages\/702\/revisions"}],"predecessor-version":[{"id":732,"href":"http:\/\/www.heimatfreunde-daxstein.de\/wordpress_heimatfreunde\/wp-json\/wp\/v2\/pages\/702\/revisions\/732"}],"wp:attachment":[{"href":"http:\/\/www.heimatfreunde-daxstein.de\/wordpress_heimatfreunde\/wp-json\/wp\/v2\/media?parent=702"}],"curies":[{"name":"wp","href":"https:\/\/api.w.org\/{rel}","templated":true}]}}